{"id":8445,"date":"2018-06-03T15:20:09","date_gmt":"2018-06-03T18:20:09","guid":{"rendered":"http:\/\/maderamen.com.ar\/valor-agregado\/?page_id=8445"},"modified":"2026-03-22T15:33:58","modified_gmt":"2026-03-22T18:33:58","slug":"registro","status":"publish","type":"page","link":"https:\/\/maderamen.com.ar\/valor-agregado\/registro\/","title":{"rendered":"Registrarse en Valor Agregado"},"content":{"rendered":"<div id=\"tdi_1\" class=\"tdc-zone\"><div class=\"tdc_zone tdi_2  wpb_row td-pb-row\"  >\n<style scoped>\n\/* custom css - generated by TagDiv Composer *\/\n\n\/* custom css - generated by TagDiv Composer *\/\n.tdi_2{\r\n                    min-height: 0;\r\n                }\n<\/style><div id=\"tdi_3\" class=\"tdc-row\"><div class=\"vc_row tdi_4  wpb_row td-pb-row\" >\n<style scoped>\n\/* custom css - generated by TagDiv Composer *\/\n\n\/* custom css - generated by TagDiv Composer *\/\n.tdi_4,\r\n                .tdi_4 .tdc-columns{\r\n                    min-height: 0;\r\n                }.tdi_4,\r\n\t\t\t\t.tdi_4 .tdc-columns{\r\n\t\t\t\t    display: block;\r\n\t\t\t\t}.tdi_4 .tdc-columns{\r\n\t\t\t\t    width: 100%;\r\n\t\t\t\t}.tdi_4:before,\r\n\t\t\t\t.tdi_4:after{\r\n\t\t\t\t    display: table;\r\n\t\t\t\t}\n\/* inline tdc_css att - generated by TagDiv Composer *\/\n\n.tdi_4{\nmargin-top:40px !important;\nmargin-bottom:40px !important;\n--tdb-scroll-anim:none !important;\n}\n\n.tdi_4 .td_block_wrap{ text-align:left }\n\n<\/style><div class=\"vc_column tdi_6  wpb_column vc_column_container tdc-column td-pb-span12\">\n<style scoped>\n\/* custom css - generated by TagDiv Composer *\/\n\n\/* custom css - generated by TagDiv Composer *\/\n.tdi_6{\r\n                    vertical-align: baseline;\r\n                }.tdi_6 > .wpb_wrapper,\r\n\t\t\t\t.tdi_6 > .wpb_wrapper > .tdc-elements{\r\n\t\t\t\t    display: block;\r\n\t\t\t\t}.tdi_6 > .wpb_wrapper > .tdc-elements{\r\n\t\t\t\t    width: 100%;\r\n\t\t\t\t}.tdi_6 > .wpb_wrapper > .vc_row_inner{\r\n\t\t\t\t    width: auto;\r\n\t\t\t\t}.tdi_6 > .wpb_wrapper{\r\n\t\t\t\t    width: auto;\r\n\t\t\t\t    height: auto;\r\n\t\t\t\t}\n<\/style><div class=\"wpb_wrapper\" ><div class=\"td_block_wrap tdb_title tdi_7 tdb-page-title td-pb-border-top td_block_template_9\"  data-td-block-uid=\"tdi_7\" >\n<style>\n\/* custom css - generated by TagDiv Composer *\/\n.tdb_title{\r\n                  margin-bottom: 19px;\r\n                }.tdb_title.tdb-content-horiz-center{\r\n                  text-align: center;\r\n                }.tdb_title.tdb-content-horiz-center .tdb-title-line{\r\n                  margin: 0 auto;\r\n                }.tdb_title.tdb-content-horiz-right{\r\n                  text-align: right;\r\n                }.tdb_title.tdb-content-horiz-right .tdb-title-line{\r\n                  margin-left: auto;\r\n                  margin-right: 0;\r\n                }.tdb-title-text{\r\n                  display: inline-block;\r\n                  position: relative;\r\n                  margin: 0;\r\n                  word-wrap: break-word;\r\n                  font-size: 30px;\r\n                  line-height: 38px;\r\n                  font-weight: 700;\r\n                }.tdb-first-letter{\r\n                  position: absolute;\r\n                  -webkit-user-select: none;\r\n                  user-select: none;\r\n                  pointer-events: none;\r\n                  text-transform: uppercase;\r\n                  color: rgba(0, 0, 0, 0.08);\r\n                  font-size: 6em;\r\n                  font-weight: 300;\r\n                  top: 50%;\r\n                  -webkit-transform: translateY(-50%);\r\n                  transform: translateY(-50%);\r\n                  left: -0.36em;\r\n                  z-index: -1;\r\n                  -webkit-text-fill-color: initial;\r\n                }.tdb-title-line{\r\n                  display: none;\r\n                  position: relative;\r\n                }.tdb-title-line:after{\r\n                  content: '';\r\n                  width: 100%;\r\n                  position: absolute;\r\n                  background-color: var(--td_theme_color, #4db2ec);\r\n                  top: 0;\r\n                  left: 0;\r\n                  margin: auto;\r\n                }.tdi_7 .tdb-title-line:after{\r\n\t\t\t\t\theight: 2px;\r\n\t\t\t\t\r\n\t\t\t\t\tbottom: 40%;\r\n\t\t\t\t}.tdi_7 .tdb-title-line{\r\n\t\t\t\t\theight: 50px;\r\n\t\t\t\t}.td-theme-wrap .tdi_7{\r\n\t\t\t\t\ttext-align: left;\r\n\t\t\t\t}.tdi_7 .tdb-first-letter{\r\n\t\t\t\t\tleft: -0.36em;\r\n\t\t\t\t\tright: auto;\r\n\t\t\t\t}\n<\/style><div class=\"tdb-block-inner td-fix-index\"><h1 class=\"tdb-title-text\">Sample Page Title<\/h1><div><\/div><div class=\"tdb-title-line\"><\/div><\/div><\/div><div class=\"wpb_wrapper td_block_wrap td_block_wrap tdb_global_shortcode tdi_8  td-pb-border-top td_block_template_9\">\n<style>\n\n\/* inline tdc_css att - generated by TagDiv Composer *\/\n\n.tdi_8{\nmargin-bottom:0px !important;\n--tdb-scroll-anim:none !important;\n}\n\n<\/style><div class=\"td-fix-index\">\n<div class=\"maderamen-notice\">\n<h4 class=\"title\">Suscr\u00edbase a Valor Agregado - Informe estrat\u00e9gico<\/h4>\n<div class=\"content\">\n<b>Valor Agregado:<\/b> Primer y \u00fanico anuario estad\u00edstico independiente para la industria maderera. Una eficaz herramienta a la hora de la toma de decisiones. Podr\u00e1s encontrar en \u00e9l la m\u00e1s completa informaci\u00f3n estad\u00edstica de la FORESTO-INDUSTRIA y la Industria del MUEBLE. El volumen es de car\u00e1cter coleccionable y se edita en versi\u00f3n impresa.\n<br><br>\n<b>Informe Estrat\u00e9gico<\/b> es un resumen enviado en versi\u00f3n digital cada 10 d\u00edas, que permite analizar, entre otros temas, la evoluci\u00f3n del mercado interno y externo publicando: precios de maderas, vol\u00famenes comercializados, costos de implantaci\u00f3n, fletes e insumos, posibilidades y tendencias tanto locales como internacionales, mercados conexos y su influencia, inversiones y m\u00e1s. Esencial para el empresario del sector forestal.\n<br><br>\n<b>\u00a1Todas nuestras suscripciones se pagan mediante mercadopago y pueden ser abonadas en hasta 12 cuotas. Podr\u00e1s pagar tu suscripci\u00f3n mediante tarjeta de cr\u00e9dito, d\u00e9bito o mediante pagof\u00e1cil, rapipago o transferencia!<\/b>\n<\/div>\n<\/div>\n<\/div><\/div><div class=\"wpb_wrapper td_block_wrap td_block_wrap tdb_global_shortcode tdi_9 maderamen-woocommerce-product-list td-pb-border-top td_block_template_9\">\n<style>\n\n\/* inline tdc_css att - generated by TagDiv Composer *\/\n\n.tdi_9{\nmargin-bottom:0px !important;\n--tdb-scroll-anim:none !important;\n}\n\n<\/style><div class=\"td-fix-index\">\n<div class=\"woocommerce columns-3 \"><ul class=\"products columns-3\">\n<li class=\"product type-product post-8470 status-publish first instock has-post-thumbnail virtual sold-individually taxable purchasable product-type-simple\">\n\t<a href=\"https:\/\/maderamen.com.ar\/valor-agregado\/producto\/acceso-basico-valor-agregado-3-meses\/\" class=\"woocommerce-LoopProduct-link woocommerce-loop-product__link\"><img loading=\"lazy\" decoding=\"async\" width=\"709\" height=\"709\" src=\"https:\/\/maderamen.com.ar\/valor-agregado\/wp-content\/uploads\/sites\/5\/2018\/06\/valor-agregado.png\" class=\"attachment-woocommerce_thumbnail size-woocommerce_thumbnail\" alt=\"Valor Agregado - Informe Estrat\u00e9gico (3 meses)\" \/><h2 class=\"woocommerce-loop-product__title\">Valor Agregado &#8211; Informe Estrat\u00e9gico (3 meses)<\/h2>\n\t<span class=\"price\"><span class=\"woocommerce-Price-amount amount\"><bdi><span class=\"woocommerce-Price-currencySymbol\">&#36;<\/span>&nbsp;60.000,00<\/bdi><\/span><\/span>\n<\/a><div class=\"maderamen-woocommerce-product-description\"><p style=\"clear: both\">$20000 x mes (IVA Incluiddo)<\/p>\n<p style=\"clear: both\">Incluye:<\/p>\n<p style=\"clear: both\"><strong>a) Desarrollo Forestal-Informe Estrat\u00e9gico:<\/strong> Cada 15 d\u00edas recibir\u00e1s un resumen de noticias con informaci\u00f3n econ\u00f3mica espec\u00edfica de la foresto industria nacional e internacional.<\/p>\n<p style=\"clear: both\"><strong>b) Clave de Acceso Personal:<\/strong> Podr\u00e1s ingresar con tu mail y clave a las noticias de Valor Agregado.<\/p>\n<p style=\"clear: both\"><b>c) Suscripci\u00f3n a 2 peri\u00f3dicos:<\/b> Desarrollo Forestal y Valor Agregado.<\/p>\n<p><strong>d) Canal interactivo: <\/strong>Buscador de noticias para guiarte en la b\u00fasqueda de informaci\u00f3n en nuestro archivo hist\u00f3rico de Valor Agregado y Desarrollo Forestal.<\/p>\n<\/div><a href=\"\/valor-agregado\/wp-json\/wp\/v2\/pages\/8445?add-to-cart=8470\" aria-describedby=\"woocommerce_loop_add_to_cart_link_describedby_8470\" data-quantity=\"1\" class=\"button product_type_simple add_to_cart_button ajax_add_to_cart\" data-product_id=\"8470\" data-product_sku=\"\" aria-label=\"A\u00f1adir al carrito: &ldquo;Valor Agregado - Informe Estrat\u00e9gico (3 meses)&rdquo;\" rel=\"nofollow\" data-success_message=\"\u00abValor Agregado - Informe Estrat\u00e9gico (3 meses)\u00bb se ha a\u00f1adido a tu carrito\">A\u00f1adir al carrito<\/a>\t<span id=\"woocommerce_loop_add_to_cart_link_describedby_8470\" class=\"screen-reader-text\">\n\t\t\t<\/span>\n<\/li>\n<li class=\"product type-product post-8468 status-publish instock has-post-thumbnail virtual sold-individually taxable purchasable product-type-simple\">\n\t<a href=\"https:\/\/maderamen.com.ar\/valor-agregado\/producto\/acceso-full-2-periodicos-6-meses\/\" class=\"woocommerce-LoopProduct-link woocommerce-loop-product__link\"><img loading=\"lazy\" decoding=\"async\" width=\"709\" height=\"709\" src=\"https:\/\/maderamen.com.ar\/valor-agregado\/wp-content\/uploads\/sites\/5\/2018\/06\/valor-agregado.png\" class=\"attachment-woocommerce_thumbnail size-woocommerce_thumbnail\" alt=\"Valor Agregado - Informe Estrat\u00e9gico (6 meses)\" \/><h2 class=\"woocommerce-loop-product__title\">Valor Agregado &#8211; Informe Estrat\u00e9gico (6 meses)<\/h2>\n\t<span class=\"price\"><span class=\"woocommerce-Price-amount amount\"><bdi><span class=\"woocommerce-Price-currencySymbol\">&#36;<\/span>&nbsp;120.000,00<\/bdi><\/span><\/span>\n<\/a><div class=\"maderamen-woocommerce-product-description\"><p style=\"clear: both\">$20000 por mes (IVA incluido)<\/p>\n<p style=\"clear: both\">Incluye:<\/p>\n<p style=\"clear: both\"><strong>a) Desarrollo Forestal-Informe Estrat\u00e9gico:<\/strong> Cada 15 d\u00edas recibir\u00e1s un resumen de noticias con informaci\u00f3n econ\u00f3mica espec\u00edfica de la foresto industria nacional e internacional.<\/p>\n<p style=\"clear: both\"><strong>b) Acceso a noticias restringidas:<\/strong> Podr\u00e1s ingresar con tu mail y clave a las noticias de nuestros portales Valor Agregado y Desarrollo Forestal. As\u00ed como a Todo Madera y D&amp;F Muebles (acceso p\u00fablico).<\/p>\n<p style=\"clear: both\"><b>c) Suscripci\u00f3n a 2 peri\u00f3dicos:<\/b> Desarrollo Forestal y Valor Agregado.<\/p>\n<p style=\"clear: both\"><strong>d) Canal interactivo:<\/strong> Buscador de noticias para guiarte en la b\u00fasqueda de informaci\u00f3n en nuestro archivo hist\u00f3rico de Valor Agregado y Desarrollo Forestal.<\/p>\n<\/div><a href=\"\/valor-agregado\/wp-json\/wp\/v2\/pages\/8445?add-to-cart=8468\" aria-describedby=\"woocommerce_loop_add_to_cart_link_describedby_8468\" data-quantity=\"1\" class=\"button product_type_simple add_to_cart_button ajax_add_to_cart\" data-product_id=\"8468\" data-product_sku=\"\" aria-label=\"A\u00f1adir al carrito: &ldquo;Valor Agregado - Informe Estrat\u00e9gico (6 meses)&rdquo;\" rel=\"nofollow\" data-success_message=\"\u00abValor Agregado - Informe Estrat\u00e9gico (6 meses)\u00bb se ha a\u00f1adido a tu carrito\">A\u00f1adir al carrito<\/a>\t<span id=\"woocommerce_loop_add_to_cart_link_describedby_8468\" class=\"screen-reader-text\">\n\t\t\t<\/span>\n<\/li>\n<li class=\"product type-product post-8469 status-publish last instock has-post-thumbnail virtual sold-individually taxable purchasable product-type-simple\">\n\t<a href=\"https:\/\/maderamen.com.ar\/valor-agregado\/producto\/acceso-basico-valor-agregado\/\" class=\"woocommerce-LoopProduct-link woocommerce-loop-product__link\"><img loading=\"lazy\" decoding=\"async\" width=\"709\" height=\"709\" src=\"https:\/\/maderamen.com.ar\/valor-agregado\/wp-content\/uploads\/sites\/5\/2018\/06\/valor-agregado.png\" class=\"attachment-woocommerce_thumbnail size-woocommerce_thumbnail\" alt=\"Valor Agregado - Informe Estrat\u00e9gico (1 mes)\" \/><h2 class=\"woocommerce-loop-product__title\">Valor Agregado &#8211; Informe Estrat\u00e9gico (1 mes)<\/h2>\n\t<span class=\"price\"><span class=\"woocommerce-Price-amount amount\"><bdi><span class=\"woocommerce-Price-currencySymbol\">&#36;<\/span>&nbsp;25.000,00<\/bdi><\/span><\/span>\n<\/a><div class=\"maderamen-woocommerce-product-description\"><p style=\"clear: both\">$25000 x mes (IVA Incluido)<\/p>\n<p style=\"clear: both\">Incluye:<\/p>\n<p style=\"clear: both\"><strong>a) Desarrollo Forestal-Informe Estrat\u00e9gico:<\/strong> Cada 15 d\u00edas recibir\u00e1s un resumen de noticias con informaci\u00f3n econ\u00f3mica espec\u00edfica de la foresto industria nacional e internacional.<\/p>\n<p style=\"clear: both\"><strong>b) Clave de Acceso Personal:<\/strong> Podr\u00e1s ingresar con tu mail y clave a las noticias de Valor Agregado.<\/p>\n<p style=\"clear: both\"><b>c) Suscripci\u00f3n a 2 peri\u00f3dicos:<\/b> Desarrollo Forestal y Valor Agregado.<\/p>\n<p><strong>d) Canal interactivo: <\/strong>Buscador de noticias para guiarte en la b\u00fasqueda de informaci\u00f3n en nuestro archivo hist\u00f3rico de Valor Agregado y Desarrollo Forestal.<\/p>\n<\/div><a href=\"\/valor-agregado\/wp-json\/wp\/v2\/pages\/8445?add-to-cart=8469\" aria-describedby=\"woocommerce_loop_add_to_cart_link_describedby_8469\" data-quantity=\"1\" class=\"button product_type_simple add_to_cart_button ajax_add_to_cart\" data-product_id=\"8469\" data-product_sku=\"\" aria-label=\"A\u00f1adir al carrito: &ldquo;Valor Agregado - Informe Estrat\u00e9gico (1 mes)&rdquo;\" rel=\"nofollow\" data-success_message=\"\u00abValor Agregado - Informe Estrat\u00e9gico (1 mes)\u00bb se ha a\u00f1adido a tu carrito\">A\u00f1adir al carrito<\/a>\t<span id=\"woocommerce_loop_add_to_cart_link_describedby_8469\" class=\"screen-reader-text\">\n\t\t\t<\/span>\n<\/li>\n<\/ul>\n<\/div>\n<\/div><\/div><div class=\"wpb_wrapper td_block_wrap td_block_wrap tdb_global_shortcode tdi_10  td-pb-border-top td_block_template_9\">\n<style>\n\n\/* inline tdc_css att - generated by TagDiv Composer *\/\n\n.tdi_10{\nmargin-bottom:0px !important;\n--tdb-scroll-anim:none !important;\n}\n\n<\/style><div class=\"td-fix-index\"><\/div><\/div><\/div><\/div><\/div><\/div><\/div><\/div>","protected":false},"excerpt":{"rendered":"","protected":false},"author":1,"featured_media":0,"parent":0,"menu_order":0,"comment_status":"closed","ping_status":"closed","template":"","meta":{"footnotes":""},"class_list":["post-8445","page","type-page","status-publish"],"yoast_head":"<!-- This site is optimized with the Yoast SEO plugin v27.2 - https:\/\/yoast.com\/product\/yoast-seo-wordpress\/ -->\n<title>Registro para crear usuario en Valor Agregado. La industria maderera en cifras.<\/title>\n<meta name=\"description\" content=\"Entra aqu\u00ed para darte de alta con usuario y contrase\u00f1a en Valor Agregado y recibir\u00e1s todas las noticias del sector foresto industrial, precios, estad\u00edsticas\" \/>\n<meta name=\"robots\" content=\"index, follow, max-snippet:-1, max-image-preview:large, max-video-preview:-1\" \/>\n<link rel=\"canonical\" href=\"https:\/\/maderamen.com.ar\/valor-agregado\/registro\/\" \/>\n<meta property=\"og:locale\" content=\"es_ES\" \/>\n<meta property=\"og:type\" content=\"article\" \/>\n<meta property=\"og:title\" content=\"Registro para crear usuario en Valor Agregado. La industria maderera en cifras.\" \/>\n<meta property=\"og:description\" content=\"Entra aqu\u00ed para darte de alta con usuario y contrase\u00f1a en Valor Agregado y recibir\u00e1s todas las noticias del sector foresto industrial, precios, estad\u00edsticas\" \/>\n<meta property=\"og:url\" content=\"https:\/\/maderamen.com.ar\/valor-agregado\/registro\/\" \/>\n<meta property=\"og:site_name\" content=\"Valor Agregado\" \/>\n<meta property=\"article:publisher\" content=\"https:\/\/www.facebook.com\/Maderamen.Argentina\/\" \/>\n<meta property=\"article:modified_time\" content=\"2026-03-22T18:33:58+00:00\" \/>\n<meta name=\"twitter:card\" content=\"summary_large_image\" \/>\n<meta name=\"twitter:site\" content=\"@DesarrolloFores\" \/>\n<script type=\"application\/ld+json\" class=\"yoast-schema-graph\">{\"@context\":\"https:\/\/schema.org\",\"@graph\":[{\"@type\":\"WebPage\",\"@id\":\"https:\/\/maderamen.com.ar\/valor-agregado\/registro\/\",\"url\":\"https:\/\/maderamen.com.ar\/valor-agregado\/registro\/\",\"name\":\"Registro para crear usuario en Valor Agregado. La industria maderera en cifras.\",\"isPartOf\":{\"@id\":\"https:\/\/maderamen.com.ar\/valor-agregado\/#website\"},\"datePublished\":\"2018-06-03T18:20:09+00:00\",\"dateModified\":\"2026-03-22T18:33:58+00:00\",\"description\":\"Entra aqu\u00ed para darte de alta con usuario y contrase\u00f1a en Valor Agregado y recibir\u00e1s todas las noticias del sector foresto industrial, precios, estad\u00edsticas\",\"breadcrumb\":{\"@id\":\"https:\/\/maderamen.com.ar\/valor-agregado\/registro\/#breadcrumb\"},\"inLanguage\":\"es\",\"potentialAction\":[{\"@type\":\"ReadAction\",\"target\":[\"https:\/\/maderamen.com.ar\/valor-agregado\/registro\/\"]}]},{\"@type\":\"BreadcrumbList\",\"@id\":\"https:\/\/maderamen.com.ar\/valor-agregado\/registro\/#breadcrumb\",\"itemListElement\":[{\"@type\":\"ListItem\",\"position\":1,\"name\":\"Portada\",\"item\":\"https:\/\/maderamen.com.ar\/valor-agregado\/\"},{\"@type\":\"ListItem\",\"position\":2,\"name\":\"Registrarse en Valor Agregado\"}]},{\"@type\":\"WebSite\",\"@id\":\"https:\/\/maderamen.com.ar\/valor-agregado\/#website\",\"url\":\"https:\/\/maderamen.com.ar\/valor-agregado\/\",\"name\":\"Valor Agregado\",\"description\":\"Anuario con informaci\u00f3n estad\u00edstica del sector forestal e industrial\",\"publisher\":{\"@id\":\"https:\/\/maderamen.com.ar\/valor-agregado\/#organization\"},\"potentialAction\":[{\"@type\":\"SearchAction\",\"target\":{\"@type\":\"EntryPoint\",\"urlTemplate\":\"https:\/\/maderamen.com.ar\/valor-agregado\/?s={search_term_string}\"},\"query-input\":{\"@type\":\"PropertyValueSpecification\",\"valueRequired\":true,\"valueName\":\"search_term_string\"}}],\"inLanguage\":\"es\"},{\"@type\":\"Organization\",\"@id\":\"https:\/\/maderamen.com.ar\/valor-agregado\/#organization\",\"name\":\"Maderamen\",\"url\":\"https:\/\/maderamen.com.ar\/valor-agregado\/\",\"logo\":{\"@type\":\"ImageObject\",\"inLanguage\":\"es\",\"@id\":\"https:\/\/maderamen.com.ar\/valor-agregado\/#\/schema\/logo\/image\/\",\"url\":\"https:\/\/maderamen.com.ar\/valor-agregado\/wp-content\/uploads\/sites\/5\/2026\/03\/maderamen-emago.png\",\"contentUrl\":\"https:\/\/maderamen.com.ar\/valor-agregado\/wp-content\/uploads\/sites\/5\/2026\/03\/maderamen-emago.png\",\"width\":250,\"height\":246,\"caption\":\"Maderamen\"},\"image\":{\"@id\":\"https:\/\/maderamen.com.ar\/valor-agregado\/#\/schema\/logo\/image\/\"},\"sameAs\":[\"https:\/\/www.facebook.com\/Maderamen.Argentina\/\",\"https:\/\/x.com\/DesarrolloFores\",\"https:\/\/www.youtube.com\/channel\/UCeYU2-_JRTYYpgHoyhTT2Fg\",\"https:\/\/www.instagram.com\/maderamen.ok\/\",\"https:\/\/www.linkedin.com\/company\/maderameneditorial\/\"]}]}<\/script>\n<!-- \/ Yoast SEO plugin. -->","yoast_head_json":{"title":"Registro para crear usuario en Valor Agregado. La industria maderera en cifras.","description":"Entra aqu\u00ed para darte de alta con usuario y contrase\u00f1a en Valor Agregado y recibir\u00e1s todas las noticias del sector foresto industrial, precios, estad\u00edsticas","robots":{"index":"index","follow":"follow","max-snippet":"max-snippet:-1","max-image-preview":"max-image-preview:large","max-video-preview":"max-video-preview:-1"},"canonical":"https:\/\/maderamen.com.ar\/valor-agregado\/registro\/","og_locale":"es_ES","og_type":"article","og_title":"Registro para crear usuario en Valor Agregado. La industria maderera en cifras.","og_description":"Entra aqu\u00ed para darte de alta con usuario y contrase\u00f1a en Valor Agregado y recibir\u00e1s todas las noticias del sector foresto industrial, precios, estad\u00edsticas","og_url":"https:\/\/maderamen.com.ar\/valor-agregado\/registro\/","og_site_name":"Valor Agregado","article_publisher":"https:\/\/www.facebook.com\/Maderamen.Argentina\/","article_modified_time":"2026-03-22T18:33:58+00:00","twitter_card":"summary_large_image","twitter_site":"@DesarrolloFores","schema":{"@context":"https:\/\/schema.org","@graph":[{"@type":"WebPage","@id":"https:\/\/maderamen.com.ar\/valor-agregado\/registro\/","url":"https:\/\/maderamen.com.ar\/valor-agregado\/registro\/","name":"Registro para crear usuario en Valor Agregado. La industria maderera en cifras.","isPartOf":{"@id":"https:\/\/maderamen.com.ar\/valor-agregado\/#website"},"datePublished":"2018-06-03T18:20:09+00:00","dateModified":"2026-03-22T18:33:58+00:00","description":"Entra aqu\u00ed para darte de alta con usuario y contrase\u00f1a en Valor Agregado y recibir\u00e1s todas las noticias del sector foresto industrial, precios, estad\u00edsticas","breadcrumb":{"@id":"https:\/\/maderamen.com.ar\/valor-agregado\/registro\/#breadcrumb"},"inLanguage":"es","potentialAction":[{"@type":"ReadAction","target":["https:\/\/maderamen.com.ar\/valor-agregado\/registro\/"]}]},{"@type":"BreadcrumbList","@id":"https:\/\/maderamen.com.ar\/valor-agregado\/registro\/#breadcrumb","itemListElement":[{"@type":"ListItem","position":1,"name":"Portada","item":"https:\/\/maderamen.com.ar\/valor-agregado\/"},{"@type":"ListItem","position":2,"name":"Registrarse en Valor Agregado"}]},{"@type":"WebSite","@id":"https:\/\/maderamen.com.ar\/valor-agregado\/#website","url":"https:\/\/maderamen.com.ar\/valor-agregado\/","name":"Valor Agregado","description":"Anuario con informaci\u00f3n estad\u00edstica del sector forestal e industrial","publisher":{"@id":"https:\/\/maderamen.com.ar\/valor-agregado\/#organization"},"potentialAction":[{"@type":"SearchAction","target":{"@type":"EntryPoint","urlTemplate":"https:\/\/maderamen.com.ar\/valor-agregado\/?s={search_term_string}"},"query-input":{"@type":"PropertyValueSpecification","valueRequired":true,"valueName":"search_term_string"}}],"inLanguage":"es"},{"@type":"Organization","@id":"https:\/\/maderamen.com.ar\/valor-agregado\/#organization","name":"Maderamen","url":"https:\/\/maderamen.com.ar\/valor-agregado\/","logo":{"@type":"ImageObject","inLanguage":"es","@id":"https:\/\/maderamen.com.ar\/valor-agregado\/#\/schema\/logo\/image\/","url":"https:\/\/maderamen.com.ar\/valor-agregado\/wp-content\/uploads\/sites\/5\/2026\/03\/maderamen-emago.png","contentUrl":"https:\/\/maderamen.com.ar\/valor-agregado\/wp-content\/uploads\/sites\/5\/2026\/03\/maderamen-emago.png","width":250,"height":246,"caption":"Maderamen"},"image":{"@id":"https:\/\/maderamen.com.ar\/valor-agregado\/#\/schema\/logo\/image\/"},"sameAs":["https:\/\/www.facebook.com\/Maderamen.Argentina\/","https:\/\/x.com\/DesarrolloFores","https:\/\/www.youtube.com\/channel\/UCeYU2-_JRTYYpgHoyhTT2Fg","https:\/\/www.instagram.com\/maderamen.ok\/","https:\/\/www.linkedin.com\/company\/maderameneditorial\/"]}]}},"_links":{"self":[{"href":"https:\/\/maderamen.com.ar\/valor-agregado\/wp-json\/wp\/v2\/pages\/8445","targetHints":{"allow":["GET"]}}],"collection":[{"href":"https:\/\/maderamen.com.ar\/valor-agregado\/wp-json\/wp\/v2\/pages"}],"about":[{"href":"https:\/\/maderamen.com.ar\/valor-agregado\/wp-json\/wp\/v2\/types\/page"}],"author":[{"embeddable":true,"href":"https:\/\/maderamen.com.ar\/valor-agregado\/wp-json\/wp\/v2\/users\/1"}],"replies":[{"embeddable":true,"href":"https:\/\/maderamen.com.ar\/valor-agregado\/wp-json\/wp\/v2\/comments?post=8445"}],"version-history":[{"count":8,"href":"https:\/\/maderamen.com.ar\/valor-agregado\/wp-json\/wp\/v2\/pages\/8445\/revisions"}],"predecessor-version":[{"id":11449,"href":"https:\/\/maderamen.com.ar\/valor-agregado\/wp-json\/wp\/v2\/pages\/8445\/revisions\/11449"}],"wp:attachment":[{"href":"https:\/\/maderamen.com.ar\/valor-agregado\/wp-json\/wp\/v2\/media?parent=8445"}],"curies":[{"name":"wp","href":"https:\/\/api.w.org\/{rel}","templated":true}]}}