{"id":7157,"date":"2017-06-05T01:41:24","date_gmt":"2017-06-05T01:41:24","guid":{"rendered":"http:\/\/maderamen.com.ar\/valor-agregado\/?page_id=7157"},"modified":"2026-03-15T23:11:24","modified_gmt":"2026-03-16T02:11:24","slug":"productos","status":"publish","type":"page","link":"https:\/\/maderamen.com.ar\/todo-madera\/productos\/","title":{"rendered":"Productos"},"content":{"rendered":"<div class=\"mm-filter-container\"><div class=\"mm-filter-title-container\"><h2>Seleccionar rubros<\/h2><\/div><div class=\"maderamen-microsites-api-filter-multi\" id=\"multiCategory\"><div role=\"display\" class=\"maderamen-microsites-multi-filter-display\"><span role=\"placeholder\" class=\"maderamen-microsites-multi-filter-placeholder\">Todos<\/span><\/div><div role=\"dropdown\" class=\"maderamen-microsites-multi-filter-content\"><ul><li><label role=\"check\">Aberturas<input type=\"checkbox\" value=\"aberturas\" \/><span><\/span><\/label><\/li><li><label role=\"check\">Accesorios para fijaci\u00f3n<input type=\"checkbox\" value=\"accesorios-para-fijacion\" \/><span><\/span><\/label><\/li><li><label role=\"check\">Carpinteria de Obra<input type=\"checkbox\" value=\"carpinteria-de-obra\" \/><span><\/span><\/label><\/li><li><label role=\"check\">Clavadoras, Engrampadoras y Afines<input type=\"checkbox\" value=\"clavadoras-engrampadoras\" \/><span><\/span><\/label><\/li><li><label role=\"check\">Estudios de Arquitectura<input type=\"checkbox\" value=\"estudios-arquitectura\" \/><span><\/span><\/label><\/li><li><label role=\"check\">Ferias y Congresos<input type=\"checkbox\" value=\"ferias-congresos\" \/><span><\/span><\/label><\/li><li><label role=\"check\">Gu\u00eda de Productos<input type=\"checkbox\" value=\"guia-de-productos\" \/><span><\/span><\/label><\/li><li><label role=\"check\">Laminados<input type=\"checkbox\" value=\"laminados\" \/><span><\/span><\/label><\/li><li><label role=\"check\">Maderas en general<input type=\"checkbox\" value=\"maderas\" \/><span><\/span><\/label><\/li><li><label role=\"check\">Organismos T\u00e9cnicos<input type=\"checkbox\" value=\"organismos-tecnicos\" \/><span><\/span><\/label><\/li><li><label role=\"check\">Paneles y Molduras<input type=\"checkbox\" value=\"paneles-molduras\" \/><span><\/span><\/label><\/li><li><label role=\"check\">Pisos de Madera<input type=\"checkbox\" value=\"pisos-madera\" \/><span><\/span><\/label><\/li><li><label role=\"check\">Preservantes y Curadores<input type=\"checkbox\" value=\"preservantes-curadores\" \/><span><\/span><\/label><\/li><li><label role=\"check\">Productores de madera<input type=\"checkbox\" value=\"productores-madera\" \/><span><\/span><\/label><\/li><li><label role=\"check\">Qu\u00edmicos para tratamientos<input type=\"checkbox\" value=\"quimicos\" \/><span><\/span><\/label><\/li><li><label role=\"check\">Revestimientos<input type=\"checkbox\" value=\"revestimientos\" \/><span><\/span><\/label><\/li><li><label role=\"check\">Viviendas Industrializadas<input type=\"checkbox\" value=\"viviendas-industrializadas\" \/><span><\/span><\/label><\/li><\/ul><div class=\"maderamen-microsites-multi-filter-reset\"><button role=\"refresh\" class=\"maderamen-microsites-multi-filter-refresh\">Limpiar filtros<\/button><\/div><\/div><\/div><\/div><div id=\"maderamen_microsites_post_data\" class=\"mm-box-data-container\"><\/div>\n","protected":false},"excerpt":{"rendered":"","protected":false},"author":1,"featured_media":0,"parent":0,"menu_order":0,"comment_status":"closed","ping_status":"closed","template":"","meta":{"footnotes":""},"class_list":["post-7157","page","type-page","status-publish"],"yoast_head":"<!-- This site is optimized with the Yoast SEO plugin v27.4 - https:\/\/yoast.com\/product\/yoast-seo-wordpress\/ -->\n<title>Productos para arquitectura en madera en los micrositios institucionales de Todo Madera<\/title>\n<meta name=\"description\" content=\"Encontr\u00e1 todos los productos para arquitectura en madera de las empresas m\u00e1s importantes, y sus formas de comercializaci\u00f3n, en Todo Madera.\" \/>\n<meta name=\"robots\" content=\"index, follow, max-snippet:-1, max-image-preview:large, max-video-preview:-1\" \/>\n<link rel=\"canonical\" href=\"https:\/\/maderamen.com.ar\/todo-madera\/productos\/\" \/>\n<meta property=\"og:locale\" content=\"es_ES\" \/>\n<meta property=\"og:type\" content=\"article\" \/>\n<meta property=\"og:title\" content=\"Productos para arquitectura en madera en los micrositios institucionales de Todo Madera\" \/>\n<meta property=\"og:description\" content=\"Encontr\u00e1 todos los productos para arquitectura en madera de las empresas m\u00e1s importantes, y sus formas de comercializaci\u00f3n, en Todo Madera.\" \/>\n<meta property=\"og:url\" content=\"https:\/\/maderamen.com.ar\/todo-madera\/productos\/\" \/>\n<meta property=\"og:site_name\" content=\"Todo Madera\" \/>\n<meta property=\"article:publisher\" content=\"https:\/\/www.facebook.com\/Maderamen.Argentina\/\" \/>\n<meta property=\"article:modified_time\" content=\"2026-03-16T02:11:24+00:00\" \/>\n<meta name=\"twitter:card\" content=\"summary_large_image\" \/>\n<meta name=\"twitter:site\" content=\"@DesarrolloFores\" \/>\n<script type=\"application\/ld+json\" class=\"yoast-schema-graph\">{\"@context\":\"https:\\\/\\\/schema.org\",\"@graph\":[{\"@type\":\"WebPage\",\"@id\":\"https:\\\/\\\/maderamen.com.ar\\\/todo-madera\\\/productos\\\/\",\"url\":\"https:\\\/\\\/maderamen.com.ar\\\/todo-madera\\\/productos\\\/\",\"name\":\"Productos para arquitectura en madera en los micrositios institucionales de Todo Madera\",\"isPartOf\":{\"@id\":\"https:\\\/\\\/maderamen.com.ar\\\/todo-madera\\\/#website\"},\"datePublished\":\"2017-06-05T01:41:24+00:00\",\"dateModified\":\"2026-03-16T02:11:24+00:00\",\"description\":\"Encontr\u00e1 todos los productos para arquitectura en madera de las empresas m\u00e1s importantes, y sus formas de comercializaci\u00f3n, en Todo Madera.\",\"breadcrumb\":{\"@id\":\"https:\\\/\\\/maderamen.com.ar\\\/todo-madera\\\/productos\\\/#breadcrumb\"},\"inLanguage\":\"es\",\"potentialAction\":[{\"@type\":\"ReadAction\",\"target\":[\"https:\\\/\\\/maderamen.com.ar\\\/todo-madera\\\/productos\\\/\"]}]},{\"@type\":\"BreadcrumbList\",\"@id\":\"https:\\\/\\\/maderamen.com.ar\\\/todo-madera\\\/productos\\\/#breadcrumb\",\"itemListElement\":[{\"@type\":\"ListItem\",\"position\":1,\"name\":\"Portada\",\"item\":\"https:\\\/\\\/maderamen.com.ar\\\/todo-madera\\\/\"},{\"@type\":\"ListItem\",\"position\":2,\"name\":\"Productos\"}]},{\"@type\":\"WebSite\",\"@id\":\"https:\\\/\\\/maderamen.com.ar\\\/todo-madera\\\/#website\",\"url\":\"https:\\\/\\\/maderamen.com.ar\\\/todo-madera\\\/\",\"name\":\"Todo Madera\",\"description\":\"Noticias sobre madera y construcci\u00f3n\",\"publisher\":{\"@id\":\"https:\\\/\\\/maderamen.com.ar\\\/todo-madera\\\/#organization\"},\"potentialAction\":[{\"@type\":\"SearchAction\",\"target\":{\"@type\":\"EntryPoint\",\"urlTemplate\":\"https:\\\/\\\/maderamen.com.ar\\\/todo-madera\\\/?s={search_term_string}\"},\"query-input\":{\"@type\":\"PropertyValueSpecification\",\"valueRequired\":true,\"valueName\":\"search_term_string\"}}],\"inLanguage\":\"es\"},{\"@type\":\"Organization\",\"@id\":\"https:\\\/\\\/maderamen.com.ar\\\/todo-madera\\\/#organization\",\"name\":\"Maderamen\",\"url\":\"https:\\\/\\\/maderamen.com.ar\\\/todo-madera\\\/\",\"logo\":{\"@type\":\"ImageObject\",\"inLanguage\":\"es\",\"@id\":\"https:\\\/\\\/maderamen.com.ar\\\/todo-madera\\\/#\\\/schema\\\/logo\\\/image\\\/\",\"url\":\"https:\\\/\\\/maderamen.com.ar\\\/todo-madera\\\/wp-content\\\/uploads\\\/sites\\\/3\\\/2017\\\/09\\\/logo-maderamen-s.png\",\"contentUrl\":\"https:\\\/\\\/maderamen.com.ar\\\/todo-madera\\\/wp-content\\\/uploads\\\/sites\\\/3\\\/2017\\\/09\\\/logo-maderamen-s.png\",\"width\":250,\"height\":246,\"caption\":\"Maderamen\"},\"image\":{\"@id\":\"https:\\\/\\\/maderamen.com.ar\\\/todo-madera\\\/#\\\/schema\\\/logo\\\/image\\\/\"},\"sameAs\":[\"https:\\\/\\\/www.facebook.com\\\/Maderamen.Argentina\\\/\",\"https:\\\/\\\/x.com\\\/DesarrolloFores\",\"https:\\\/\\\/www.youtube.com\\\/channel\\\/UCeYU2-_JRTYYpgHoyhTT2Fg\",\"https:\\\/\\\/www.instagram.com\\\/maderamen.ok\\\/\",\"https:\\\/\\\/www.linkedin.com\\\/company\\\/maderameneditorial\\\/\"]}]}<\/script>\n<!-- \/ Yoast SEO plugin. -->","yoast_head_json":{"title":"Productos para arquitectura en madera en los micrositios institucionales de Todo Madera","description":"Encontr\u00e1 todos los productos para arquitectura en madera de las empresas m\u00e1s importantes, y sus formas de comercializaci\u00f3n, en Todo Madera.","robots":{"index":"index","follow":"follow","max-snippet":"max-snippet:-1","max-image-preview":"max-image-preview:large","max-video-preview":"max-video-preview:-1"},"canonical":"https:\/\/maderamen.com.ar\/todo-madera\/productos\/","og_locale":"es_ES","og_type":"article","og_title":"Productos para arquitectura en madera en los micrositios institucionales de Todo Madera","og_description":"Encontr\u00e1 todos los productos para arquitectura en madera de las empresas m\u00e1s importantes, y sus formas de comercializaci\u00f3n, en Todo Madera.","og_url":"https:\/\/maderamen.com.ar\/todo-madera\/productos\/","og_site_name":"Todo Madera","article_publisher":"https:\/\/www.facebook.com\/Maderamen.Argentina\/","article_modified_time":"2026-03-16T02:11:24+00:00","twitter_card":"summary_large_image","twitter_site":"@DesarrolloFores","schema":{"@context":"https:\/\/schema.org","@graph":[{"@type":"WebPage","@id":"https:\/\/maderamen.com.ar\/todo-madera\/productos\/","url":"https:\/\/maderamen.com.ar\/todo-madera\/productos\/","name":"Productos para arquitectura en madera en los micrositios institucionales de Todo Madera","isPartOf":{"@id":"https:\/\/maderamen.com.ar\/todo-madera\/#website"},"datePublished":"2017-06-05T01:41:24+00:00","dateModified":"2026-03-16T02:11:24+00:00","description":"Encontr\u00e1 todos los productos para arquitectura en madera de las empresas m\u00e1s importantes, y sus formas de comercializaci\u00f3n, en Todo Madera.","breadcrumb":{"@id":"https:\/\/maderamen.com.ar\/todo-madera\/productos\/#breadcrumb"},"inLanguage":"es","potentialAction":[{"@type":"ReadAction","target":["https:\/\/maderamen.com.ar\/todo-madera\/productos\/"]}]},{"@type":"BreadcrumbList","@id":"https:\/\/maderamen.com.ar\/todo-madera\/productos\/#breadcrumb","itemListElement":[{"@type":"ListItem","position":1,"name":"Portada","item":"https:\/\/maderamen.com.ar\/todo-madera\/"},{"@type":"ListItem","position":2,"name":"Productos"}]},{"@type":"WebSite","@id":"https:\/\/maderamen.com.ar\/todo-madera\/#website","url":"https:\/\/maderamen.com.ar\/todo-madera\/","name":"Todo Madera","description":"Noticias sobre madera y construcci\u00f3n","publisher":{"@id":"https:\/\/maderamen.com.ar\/todo-madera\/#organization"},"potentialAction":[{"@type":"SearchAction","target":{"@type":"EntryPoint","urlTemplate":"https:\/\/maderamen.com.ar\/todo-madera\/?s={search_term_string}"},"query-input":{"@type":"PropertyValueSpecification","valueRequired":true,"valueName":"search_term_string"}}],"inLanguage":"es"},{"@type":"Organization","@id":"https:\/\/maderamen.com.ar\/todo-madera\/#organization","name":"Maderamen","url":"https:\/\/maderamen.com.ar\/todo-madera\/","logo":{"@type":"ImageObject","inLanguage":"es","@id":"https:\/\/maderamen.com.ar\/todo-madera\/#\/schema\/logo\/image\/","url":"https:\/\/maderamen.com.ar\/todo-madera\/wp-content\/uploads\/sites\/3\/2017\/09\/logo-maderamen-s.png","contentUrl":"https:\/\/maderamen.com.ar\/todo-madera\/wp-content\/uploads\/sites\/3\/2017\/09\/logo-maderamen-s.png","width":250,"height":246,"caption":"Maderamen"},"image":{"@id":"https:\/\/maderamen.com.ar\/todo-madera\/#\/schema\/logo\/image\/"},"sameAs":["https:\/\/www.facebook.com\/Maderamen.Argentina\/","https:\/\/x.com\/DesarrolloFores","https:\/\/www.youtube.com\/channel\/UCeYU2-_JRTYYpgHoyhTT2Fg","https:\/\/www.instagram.com\/maderamen.ok\/","https:\/\/www.linkedin.com\/company\/maderameneditorial\/"]}]}},"_links":{"self":[{"href":"https:\/\/maderamen.com.ar\/todo-madera\/wp-json\/wp\/v2\/pages\/7157","targetHints":{"allow":["GET"]}}],"collection":[{"href":"https:\/\/maderamen.com.ar\/todo-madera\/wp-json\/wp\/v2\/pages"}],"about":[{"href":"https:\/\/maderamen.com.ar\/todo-madera\/wp-json\/wp\/v2\/types\/page"}],"author":[{"embeddable":true,"href":"https:\/\/maderamen.com.ar\/todo-madera\/wp-json\/wp\/v2\/users\/1"}],"replies":[{"embeddable":true,"href":"https:\/\/maderamen.com.ar\/todo-madera\/wp-json\/wp\/v2\/comments?post=7157"}],"version-history":[{"count":1,"href":"https:\/\/maderamen.com.ar\/todo-madera\/wp-json\/wp\/v2\/pages\/7157\/revisions"}],"predecessor-version":[{"id":13889,"href":"https:\/\/maderamen.com.ar\/todo-madera\/wp-json\/wp\/v2\/pages\/7157\/revisions\/13889"}],"wp:attachment":[{"href":"https:\/\/maderamen.com.ar\/todo-madera\/wp-json\/wp\/v2\/media?parent=7157"}],"curies":[{"name":"wp","href":"https:\/\/api.w.org\/{rel}","templated":true}]}}