{"id":8645,"date":"2017-06-05T01:41:24","date_gmt":"2017-06-05T01:41:24","guid":{"rendered":"http:\/\/maderamen.com.ar\/valor-agregado\/?page_id=7157"},"modified":"2026-03-15T23:11:43","modified_gmt":"2026-03-16T02:11:43","slug":"productos","status":"publish","type":"page","link":"https:\/\/maderamen.com.ar\/dyf-muebles\/productos\/","title":{"rendered":"Productos"},"content":{"rendered":"<div class=\"mm-filter-container\"><div class=\"mm-filter-title-container\"><h2>Seleccionar rubros<\/h2><\/div><div class=\"maderamen-microsites-api-filter-multi\" id=\"multiCategory\"><div role=\"display\" class=\"maderamen-microsites-multi-filter-display\"><span role=\"placeholder\" class=\"maderamen-microsites-multi-filter-placeholder\">Todos<\/span><\/div><div role=\"dropdown\" class=\"maderamen-microsites-multi-filter-content\"><ul><li><label role=\"check\">Acabado de superficies<input type=\"checkbox\" value=\"acabado-de-superficies\" \/><span><\/span><\/label><\/li><li><label role=\"check\">Accesorios para madera<input type=\"checkbox\" value=\"accesorios-para-madera\" \/><span><\/span><\/label><\/li><li><label role=\"check\">Clavadoras, Engrampadoras y Afines<input type=\"checkbox\" value=\"clavadoras-engrampadoras\" \/><span><\/span><\/label><\/li><li><label role=\"check\">Compra\/venta de m\u00e1quinas<input type=\"checkbox\" value=\"compra-venta-maquinas\" \/><span><\/span><\/label><\/li><li><label role=\"check\">Equipos para acabado de superficies<input type=\"checkbox\" value=\"equipos-acabado-superficies\" \/><span><\/span><\/label><\/li><li><label role=\"check\">Espuma de poliuretano<input type=\"checkbox\" value=\"espuma-de-poliuretano\" \/><span><\/span><\/label><\/li><li><label role=\"check\">F\u00e1bricas de muebles<input type=\"checkbox\" value=\"fabricas-de-muebles\" \/><span><\/span><\/label><\/li><li><label role=\"check\">Ferias y congresos<input type=\"checkbox\" value=\"ferias-y-congresos\" \/><span><\/span><\/label><\/li><li><label role=\"check\">Grampas y Clavos<input type=\"checkbox\" value=\"grampas-y-clavos\" \/><span><\/span><\/label><\/li><li><label role=\"check\">Herrajes<input type=\"checkbox\" value=\"herrajes\" \/><span><\/span><\/label><\/li><li><label role=\"check\">Herramientas de corte<input type=\"checkbox\" value=\"herramientas-de-corte\" \/><span><\/span><\/label><\/li><li><label role=\"check\">Laminados<input type=\"checkbox\" value=\"laminados\" \/><span><\/span><\/label><\/li><li><label role=\"check\">Maderas en general<input type=\"checkbox\" value=\"maderas-en-general\" \/><span><\/span><\/label><\/li><li><label role=\"check\">Maquinarias<input type=\"checkbox\" value=\"maquinarias\" \/><span><\/span><\/label><\/li><li><label role=\"check\">Multilaminados curvados<input type=\"checkbox\" value=\"multilaminados-curvados\" \/><span><\/span><\/label><\/li><li><label role=\"check\">Organizaciones<input type=\"checkbox\" value=\"organizaciones\" \/><span><\/span><\/label><\/li><li><label role=\"check\">Paneles<input type=\"checkbox\" value=\"paneles\" \/><span><\/span><\/label><\/li><li><label role=\"check\">Pisos<input type=\"checkbox\" value=\"pisos\" \/><span><\/span><\/label><\/li><li><label role=\"check\">Productores de madera<input type=\"checkbox\" value=\"productores-de-madera\" \/><span><\/span><\/label><\/li><li><label role=\"check\">Puertas para Muebles<input type=\"checkbox\" value=\"puertas-para-muebles\" \/><span><\/span><\/label><\/li><li><label role=\"check\">Tapa Cantos<input type=\"checkbox\" value=\"tapa-cantos\" \/><span><\/span><\/label><\/li><li><label role=\"check\">Tarugos<input type=\"checkbox\" value=\"tarugos\" \/><span><\/span><\/label><\/li><li><label role=\"check\">Tarugos, Varillas y Barrales<input type=\"checkbox\" value=\"varillas-y-barrales\" \/><span><\/span><\/label><\/li><\/ul><div class=\"maderamen-microsites-multi-filter-reset\"><button role=\"refresh\" class=\"maderamen-microsites-multi-filter-refresh\">Limpiar filtros<\/button><\/div><\/div><\/div><\/div><div id=\"maderamen_microsites_post_data\" class=\"mm-box-data-container\"><\/div>\n","protected":false},"excerpt":{"rendered":"","protected":false},"author":1,"featured_media":0,"parent":0,"menu_order":0,"comment_status":"closed","ping_status":"closed","template":"","meta":{"footnotes":""},"class_list":["post-8645","page","type-page","status-publish"],"yoast_head":"<!-- This site is optimized with the Yoast SEO plugin v27.4 - https:\/\/yoast.com\/product\/yoast-seo-wordpress\/ -->\n<title>Productos para muebles de madera en los micrositios institucionales de Todo Madera<\/title>\n<meta name=\"description\" content=\"Encontr\u00e1 todos los productos para muebles de madera de las empresas m\u00e1s importantes, im\u00e1genes, novedades, y sus formas de comercializaci\u00f3n, en Todo Madera.\" \/>\n<meta name=\"robots\" content=\"index, follow, max-snippet:-1, max-image-preview:large, max-video-preview:-1\" \/>\n<link rel=\"canonical\" href=\"https:\/\/maderamen.com.ar\/dyf-muebles\/productos\/\" \/>\n<meta property=\"og:locale\" content=\"es_ES\" \/>\n<meta property=\"og:type\" content=\"article\" \/>\n<meta property=\"og:title\" content=\"Productos para muebles de madera en los micrositios institucionales de Todo Madera\" \/>\n<meta property=\"og:description\" content=\"Encontr\u00e1 todos los productos para muebles de madera de las empresas m\u00e1s importantes, im\u00e1genes, novedades, y sus formas de comercializaci\u00f3n, en Todo Madera.\" \/>\n<meta property=\"og:url\" content=\"https:\/\/maderamen.com.ar\/dyf-muebles\/productos\/\" \/>\n<meta property=\"og:site_name\" content=\"D&amp;F Muebles\" \/>\n<meta property=\"article:publisher\" content=\"https:\/\/www.facebook.com\/Maderamen.Argentina\/\" \/>\n<meta property=\"article:modified_time\" content=\"2026-03-16T02:11:43+00:00\" \/>\n<meta name=\"twitter:card\" content=\"summary_large_image\" \/>\n<meta name=\"twitter:site\" content=\"@DesarrolloFores\" \/>\n<meta name=\"twitter:label1\" content=\"Tiempo de lectura\" \/>\n\t<meta name=\"twitter:data1\" content=\"1 minuto\" \/>\n<script type=\"application\/ld+json\" class=\"yoast-schema-graph\">{\"@context\":\"https:\\\/\\\/schema.org\",\"@graph\":[{\"@type\":\"WebPage\",\"@id\":\"https:\\\/\\\/maderamen.com.ar\\\/dyf-muebles\\\/productos\\\/\",\"url\":\"https:\\\/\\\/maderamen.com.ar\\\/dyf-muebles\\\/productos\\\/\",\"name\":\"Productos para muebles de madera en los micrositios institucionales de Todo Madera\",\"isPartOf\":{\"@id\":\"https:\\\/\\\/maderamen.com.ar\\\/dyf-muebles\\\/#website\"},\"datePublished\":\"2017-06-05T01:41:24+00:00\",\"dateModified\":\"2026-03-16T02:11:43+00:00\",\"description\":\"Encontr\u00e1 todos los productos para muebles de madera de las empresas m\u00e1s importantes, im\u00e1genes, novedades, y sus formas de comercializaci\u00f3n, en Todo Madera.\",\"breadcrumb\":{\"@id\":\"https:\\\/\\\/maderamen.com.ar\\\/dyf-muebles\\\/productos\\\/#breadcrumb\"},\"inLanguage\":\"es\",\"potentialAction\":[{\"@type\":\"ReadAction\",\"target\":[\"https:\\\/\\\/maderamen.com.ar\\\/dyf-muebles\\\/productos\\\/\"]}]},{\"@type\":\"BreadcrumbList\",\"@id\":\"https:\\\/\\\/maderamen.com.ar\\\/dyf-muebles\\\/productos\\\/#breadcrumb\",\"itemListElement\":[{\"@type\":\"ListItem\",\"position\":1,\"name\":\"Portada\",\"item\":\"https:\\\/\\\/maderamen.com.ar\\\/dyf-muebles\\\/\"},{\"@type\":\"ListItem\",\"position\":2,\"name\":\"Productos\"}]},{\"@type\":\"WebSite\",\"@id\":\"https:\\\/\\\/maderamen.com.ar\\\/dyf-muebles\\\/#website\",\"url\":\"https:\\\/\\\/maderamen.com.ar\\\/dyf-muebles\\\/\",\"name\":\"D&F Muebles\",\"description\":\"Noticias sobre Dise\u00f1o y Fabricaci\u00f3n de muebles en madera\",\"publisher\":{\"@id\":\"https:\\\/\\\/maderamen.com.ar\\\/dyf-muebles\\\/#organization\"},\"potentialAction\":[{\"@type\":\"SearchAction\",\"target\":{\"@type\":\"EntryPoint\",\"urlTemplate\":\"https:\\\/\\\/maderamen.com.ar\\\/dyf-muebles\\\/?s={search_term_string}\"},\"query-input\":{\"@type\":\"PropertyValueSpecification\",\"valueRequired\":true,\"valueName\":\"search_term_string\"}}],\"inLanguage\":\"es\"},{\"@type\":\"Organization\",\"@id\":\"https:\\\/\\\/maderamen.com.ar\\\/dyf-muebles\\\/#organization\",\"name\":\"Maderamen\",\"url\":\"https:\\\/\\\/maderamen.com.ar\\\/dyf-muebles\\\/\",\"logo\":{\"@type\":\"ImageObject\",\"inLanguage\":\"es\",\"@id\":\"https:\\\/\\\/maderamen.com.ar\\\/dyf-muebles\\\/#\\\/schema\\\/logo\\\/image\\\/\",\"url\":\"https:\\\/\\\/maderamen.com.ar\\\/dyf-muebles\\\/wp-content\\\/uploads\\\/sites\\\/4\\\/2017\\\/09\\\/logo-maderamen-s.png\",\"contentUrl\":\"https:\\\/\\\/maderamen.com.ar\\\/dyf-muebles\\\/wp-content\\\/uploads\\\/sites\\\/4\\\/2017\\\/09\\\/logo-maderamen-s.png\",\"width\":250,\"height\":246,\"caption\":\"Maderamen\"},\"image\":{\"@id\":\"https:\\\/\\\/maderamen.com.ar\\\/dyf-muebles\\\/#\\\/schema\\\/logo\\\/image\\\/\"},\"sameAs\":[\"https:\\\/\\\/www.facebook.com\\\/Maderamen.Argentina\\\/\",\"https:\\\/\\\/x.com\\\/DesarrolloFores\",\"https:\\\/\\\/www.youtube.com\\\/channel\\\/UCeYU2-_JRTYYpgHoyhTT2Fg\",\"https:\\\/\\\/www.instagram.com\\\/maderamen.ok\\\/\",\"https:\\\/\\\/www.linkedin.com\\\/company\\\/maderameneditorial\\\/\"]}]}<\/script>\n<!-- \/ Yoast SEO plugin. -->","yoast_head_json":{"title":"Productos para muebles de madera en los micrositios institucionales de Todo Madera","description":"Encontr\u00e1 todos los productos para muebles de madera de las empresas m\u00e1s importantes, im\u00e1genes, novedades, y sus formas de comercializaci\u00f3n, en Todo Madera.","robots":{"index":"index","follow":"follow","max-snippet":"max-snippet:-1","max-image-preview":"max-image-preview:large","max-video-preview":"max-video-preview:-1"},"canonical":"https:\/\/maderamen.com.ar\/dyf-muebles\/productos\/","og_locale":"es_ES","og_type":"article","og_title":"Productos para muebles de madera en los micrositios institucionales de Todo Madera","og_description":"Encontr\u00e1 todos los productos para muebles de madera de las empresas m\u00e1s importantes, im\u00e1genes, novedades, y sus formas de comercializaci\u00f3n, en Todo Madera.","og_url":"https:\/\/maderamen.com.ar\/dyf-muebles\/productos\/","og_site_name":"D&amp;F Muebles","article_publisher":"https:\/\/www.facebook.com\/Maderamen.Argentina\/","article_modified_time":"2026-03-16T02:11:43+00:00","twitter_card":"summary_large_image","twitter_site":"@DesarrolloFores","twitter_misc":{"Tiempo de lectura":"1 minuto"},"schema":{"@context":"https:\/\/schema.org","@graph":[{"@type":"WebPage","@id":"https:\/\/maderamen.com.ar\/dyf-muebles\/productos\/","url":"https:\/\/maderamen.com.ar\/dyf-muebles\/productos\/","name":"Productos para muebles de madera en los micrositios institucionales de Todo Madera","isPartOf":{"@id":"https:\/\/maderamen.com.ar\/dyf-muebles\/#website"},"datePublished":"2017-06-05T01:41:24+00:00","dateModified":"2026-03-16T02:11:43+00:00","description":"Encontr\u00e1 todos los productos para muebles de madera de las empresas m\u00e1s importantes, im\u00e1genes, novedades, y sus formas de comercializaci\u00f3n, en Todo Madera.","breadcrumb":{"@id":"https:\/\/maderamen.com.ar\/dyf-muebles\/productos\/#breadcrumb"},"inLanguage":"es","potentialAction":[{"@type":"ReadAction","target":["https:\/\/maderamen.com.ar\/dyf-muebles\/productos\/"]}]},{"@type":"BreadcrumbList","@id":"https:\/\/maderamen.com.ar\/dyf-muebles\/productos\/#breadcrumb","itemListElement":[{"@type":"ListItem","position":1,"name":"Portada","item":"https:\/\/maderamen.com.ar\/dyf-muebles\/"},{"@type":"ListItem","position":2,"name":"Productos"}]},{"@type":"WebSite","@id":"https:\/\/maderamen.com.ar\/dyf-muebles\/#website","url":"https:\/\/maderamen.com.ar\/dyf-muebles\/","name":"D&F Muebles","description":"Noticias sobre Dise\u00f1o y Fabricaci\u00f3n de muebles en madera","publisher":{"@id":"https:\/\/maderamen.com.ar\/dyf-muebles\/#organization"},"potentialAction":[{"@type":"SearchAction","target":{"@type":"EntryPoint","urlTemplate":"https:\/\/maderamen.com.ar\/dyf-muebles\/?s={search_term_string}"},"query-input":{"@type":"PropertyValueSpecification","valueRequired":true,"valueName":"search_term_string"}}],"inLanguage":"es"},{"@type":"Organization","@id":"https:\/\/maderamen.com.ar\/dyf-muebles\/#organization","name":"Maderamen","url":"https:\/\/maderamen.com.ar\/dyf-muebles\/","logo":{"@type":"ImageObject","inLanguage":"es","@id":"https:\/\/maderamen.com.ar\/dyf-muebles\/#\/schema\/logo\/image\/","url":"https:\/\/maderamen.com.ar\/dyf-muebles\/wp-content\/uploads\/sites\/4\/2017\/09\/logo-maderamen-s.png","contentUrl":"https:\/\/maderamen.com.ar\/dyf-muebles\/wp-content\/uploads\/sites\/4\/2017\/09\/logo-maderamen-s.png","width":250,"height":246,"caption":"Maderamen"},"image":{"@id":"https:\/\/maderamen.com.ar\/dyf-muebles\/#\/schema\/logo\/image\/"},"sameAs":["https:\/\/www.facebook.com\/Maderamen.Argentina\/","https:\/\/x.com\/DesarrolloFores","https:\/\/www.youtube.com\/channel\/UCeYU2-_JRTYYpgHoyhTT2Fg","https:\/\/www.instagram.com\/maderamen.ok\/","https:\/\/www.linkedin.com\/company\/maderameneditorial\/"]}]}},"_links":{"self":[{"href":"https:\/\/maderamen.com.ar\/dyf-muebles\/wp-json\/wp\/v2\/pages\/8645","targetHints":{"allow":["GET"]}}],"collection":[{"href":"https:\/\/maderamen.com.ar\/dyf-muebles\/wp-json\/wp\/v2\/pages"}],"about":[{"href":"https:\/\/maderamen.com.ar\/dyf-muebles\/wp-json\/wp\/v2\/types\/page"}],"author":[{"embeddable":true,"href":"https:\/\/maderamen.com.ar\/dyf-muebles\/wp-json\/wp\/v2\/users\/1"}],"replies":[{"embeddable":true,"href":"https:\/\/maderamen.com.ar\/dyf-muebles\/wp-json\/wp\/v2\/comments?post=8645"}],"version-history":[{"count":1,"href":"https:\/\/maderamen.com.ar\/dyf-muebles\/wp-json\/wp\/v2\/pages\/8645\/revisions"}],"predecessor-version":[{"id":16362,"href":"https:\/\/maderamen.com.ar\/dyf-muebles\/wp-json\/wp\/v2\/pages\/8645\/revisions\/16362"}],"wp:attachment":[{"href":"https:\/\/maderamen.com.ar\/dyf-muebles\/wp-json\/wp\/v2\/media?parent=8645"}],"curies":[{"name":"wp","href":"https:\/\/api.w.org\/{rel}","templated":true}]}}